{"id":1151,"date":"2024-04-21T21:10:35","date_gmt":"2024-04-21T21:10:35","guid":{"rendered":"http:\/\/groeneweg-maschinenbau.de\/impressum\/"},"modified":"2025-01-16T15:15:55","modified_gmt":"2025-01-16T15:15:55","slug":"imprint","status":"publish","type":"page","link":"https:\/\/groeneweg-maschinenbau.de\/en\/imprint\/","title":{"rendered":"Imprint"},"content":{"rendered":"<p><strong>Impressum<\/strong><\/p>\n<p><strong>Verantwortlich<\/strong><br \/>\nGr\u00f6neweg Maschinenbau GmbH<br \/>\nGesch\u00e4ftsf\u00fchrer: Andreas ten Hove, David van Riesen, Tobias R. Wiese<br \/>\nIndustriestr. 35<br \/>\nD-26188 Edewecht<\/p>\n<p><strong>Kontakt<\/strong><br \/>\nTelefon: +49 4405 48220-0<br \/>\nTelefax: +49 4405 48220-15<br \/>\nE-Mail: technik@groeneweg-maschinenbau.de<br \/>\n<a href=\"http:\/\/www.groeneweg-maschinenbau.de\">www.groeneweg-maschinenbau.de<\/a><\/p>\n<p><strong>Registereintrag<\/strong><br \/>\nEintragung im Handelsregister<br \/>\nRegistergericht: Amtsgericht Oldenburg<br \/>\nRegisternummer: HRB 120489<\/p>\n<p><strong>Umsatzsteuer-Identifikationsnummer:<\/strong><br \/>\nDE 190267426<\/p>\n<p><strong>Steuernummer<\/strong><br \/>\n6920001105<\/p>\n<p><strong>Aufsichtsbeh\u00f6rde<\/strong><br \/>\nHandwerkskammer Oldenburg<\/p>\n<p><strong>Hinweise<\/strong><br \/>\nDie auf dieser Website enthaltenen Grafiken, Bilder und Layouts stellen ein schutzw\u00fcrdiges Werk im Sinne des UrhG \u00a7 2 dar. Urheber nach UrhG \u00a7 7 ist die Gr\u00f6neweg Maschinenbau GmbH. Eine Weitervermietung bzw. Weiterver\u00e4u\u00dferung und Vervielf\u00e4ltigung ist nicht gestattet.<\/p>\n<p><strong>Haftungshinweis<\/strong><br \/>\nTrotz sorgf\u00e4ltiger inhaltlicher Kontrolle \u00fcbernehmen wir keine Haftung f\u00fcr die Inhalte externer Links.<br \/>\nF\u00fcr den Inhalt der verlinkten Seiten sind ausschlie\u00dflich deren Betreiber verantwortlich.<\/p>\n","protected":false},"excerpt":{"rendered":"<p>Impressum Verantwortlich Gr\u00f6neweg Maschinenbau GmbH Gesch\u00e4ftsf\u00fchrer: Andreas ten Hove, David van Riesen, Tobias R. Wiese Industriestr. 35 D-26188 Edewecht Kontakt Telefon: +49 4405 48220-0 Telefax: +49 4405 48220-15 E-Mail: technik@groeneweg-maschinenbau.de www.groeneweg-maschinenbau.de Registereintrag Eintragung im Handelsregister Registergericht: Amtsgericht Oldenburg Registernummer: HRB 120489 Umsatzsteuer-Identifikationsnummer: DE 190267426 Steuernummer 6920001105 Aufsichtsbeh\u00f6rde Handwerkskammer Oldenburg Hinweise Die auf dieser Website enthaltenen [&hellip;]<\/p>\n","protected":false},"author":1,"featured_media":0,"parent":0,"menu_order":0,"comment_status":"closed","ping_status":"closed","template":"page-templates\/tmpl-impressum.php","meta":{"footnotes":""},"class_list":["post-1151","page","type-page","status-publish","hentry"],"acf":[],"_links":{"self":[{"href":"https:\/\/groeneweg-maschinenbau.de\/en\/wp-json\/wp\/v2\/pages\/1151","targetHints":{"allow":["GET"]}}],"collection":[{"href":"https:\/\/groeneweg-maschinenbau.de\/en\/wp-json\/wp\/v2\/pages"}],"about":[{"href":"https:\/\/groeneweg-maschinenbau.de\/en\/wp-json\/wp\/v2\/types\/page"}],"author":[{"embeddable":true,"href":"https:\/\/groeneweg-maschinenbau.de\/en\/wp-json\/wp\/v2\/users\/1"}],"replies":[{"embeddable":true,"href":"https:\/\/groeneweg-maschinenbau.de\/en\/wp-json\/wp\/v2\/comments?post=1151"}],"version-history":[{"count":4,"href":"https:\/\/groeneweg-maschinenbau.de\/en\/wp-json\/wp\/v2\/pages\/1151\/revisions"}],"predecessor-version":[{"id":1969,"href":"https:\/\/groeneweg-maschinenbau.de\/en\/wp-json\/wp\/v2\/pages\/1151\/revisions\/1969"}],"wp:attachment":[{"href":"https:\/\/groeneweg-maschinenbau.de\/en\/wp-json\/wp\/v2\/media?parent=1151"}],"curies":[{"name":"wp","href":"https:\/\/api.w.org\/{rel}","templated":true}]}}